{"id":46,"date":"2024-12-14T18:13:28","date_gmt":"2024-12-14T18:13:28","guid":{"rendered":"https:\/\/distribuidoradecloro.com\/?page_id=46"},"modified":"2024-12-26T17:01:43","modified_gmt":"2024-12-26T17:01:43","slug":"politica-de-privacidad","status":"publish","type":"page","link":"https:\/\/distribuidoradecloro.com\/?page_id=46","title":{"rendered":"Pol\u00edtica de Privacidad"},"content":{"rendered":"<p>[et_pb_section fb_built=&#8221;1&#8243; theme_builder_area=&#8221;post_content&#8221; _builder_version=&#8221;4.23.1&#8243; _module_preset=&#8221;default&#8221; title_text=&#8221;steel-pipelines-cables-plant (1)&#8221; background_image=&#8221;https:\/\/distribuidoradecloro.com\/wp-content\/uploads\/2024\/12\/steel-pipelines-cables-plant-1.jpg&#8221; hover_enabled=&#8221;0&#8243; sticky_enabled=&#8221;0&#8243; custom_padding=&#8221;150px||150px||true|&#8221;][\/et_pb_section][et_pb_section fb_built=&#8221;1&#8243; theme_builder_area=&#8221;post_content&#8221; _builder_version=&#8221;4.23.1&#8243; _module_preset=&#8221;default&#8221;][et_pb_row _builder_version=&#8221;4.23.1&#8243; _module_preset=&#8221;default&#8221; theme_builder_area=&#8221;post_content&#8221;][et_pb_column _builder_version=&#8221;4.23.1&#8243; _module_preset=&#8221;default&#8221; type=&#8221;4_4&#8243; theme_builder_area=&#8221;post_content&#8221;][et_pb_text _builder_version=&#8221;4.23.1&#8243; _module_preset=&#8221;default&#8221; theme_builder_area=&#8221;post_content&#8221; hover_enabled=&#8221;0&#8243; sticky_enabled=&#8221;0&#8243;]<\/p>\n<p><strong>Aviso de Privacidad de Distribuidora de cloro Esmah S.A de C.V.<\/strong><\/p>\n<p>En<span> <strong>Distribuidora de cloro Esmah S.A de C.V.<\/strong><\/span>, estamos comprometidos con la protecci\u00f3n de los datos personales de nuestros clientes, proveedores, empleados y cualquier persona que tenga una relaci\u00f3n con nuestra empresa. Este Aviso de Privacidad explica c\u00f3mo recopilamos, utilizamos, protegemos y, en su caso, compartimos tus datos personales, de acuerdo con la<span>\u00a0<\/span><strong>Ley Federal de Protecci\u00f3n de Datos Personales en Posesi\u00f3n de los Particulares<\/strong>.<\/p>\n<p><strong>Responsable del tratamiento de datos personales:<\/strong><\/p>\n<p><span><strong>Distribuidora de cloro Esmah S.A de C.V.<\/strong> <\/span>Domicilio: calle 13 este N\u00fam. 540, Civac, Jiutepec, Morelos Correo electr\u00f3nico: <a href=\"mailto:info@distribuidoradecloro.com\">info@distribuidoradecloro.com<\/a><br \/>Tel\u00e9fono: +52 777 320 04 37 \u00f3 777 321 94 75<\/p>\n<p><strong>Datos personales que recopilamos:<\/strong><\/p>\n<p>Recopilamos los siguientes datos personales para las finalidades descritas m\u00e1s adelante:<\/p>\n<ul>\n<li>Nombre completo<\/li>\n<li>Correo electr\u00f3nico<\/li>\n<li>N\u00famero de tel\u00e9fono<\/li>\n<li>Datos de navegaci\u00f3n (cookies y tecnolog\u00edas de rastreo en el sitio web)<\/li>\n<\/ul>\n<p><strong>Finalidades del tratamiento de tus datos personales:<\/strong><\/p>\n<ol>\n<li><strong>Finalidades Primarias<\/strong>:<\/li>\n<ul>\n<li>Identificar y contactar a nuestros clientes, proveedores y empleados.<\/li>\n<li>Proporcionar los servicios y productos solicitados.<\/li>\n<li>Realizar cotizaciones, facturaciones y cobros.<\/li>\n<li>Cumplir con nuestras obligaciones legales y contractuales.<\/li>\n<li>Administrar el acceso a nuestro sitio web y mejorar la experiencia del usuario.<\/li>\n<\/ul>\n<li><strong>Finalidades Secundarias<\/strong><\/li>\n<ul>\n<li>Enviar informaci\u00f3n sobre nuestros productos, promociones o eventos.<\/li>\n<li>Realizar encuestas de satisfacci\u00f3n.<\/li>\n<li>Enviar boletines informativos y novedades sobre nuestra empresa.<\/li>\n<\/ul>\n<\/ol>\n<p>Si no deseas que tus datos personales se utilicen para las finalidades secundarias, puedes oponerte en cualquier momento enviando un correo electr\u00f3nico a [Inserte el correo electr\u00f3nico].<\/p>\n<p><strong>Protecci\u00f3n y almacenamiento de tus datos personales:<\/strong><\/p>\n<p>Implementamos medidas de seguridad administrativas, t\u00e9cnicas y f\u00edsicas para proteger tus datos personales contra p\u00e9rdida, acceso no autorizado, uso indebido o divulgaci\u00f3n. Tu informaci\u00f3n se almacenar\u00e1 de manera segura y ser\u00e1 tratada con estricta confidencialidad.<\/p>\n<p><strong>Transferencia de datos personales:<\/strong><\/p>\n<p>Tus datos personales no ser\u00e1n transferidos a terceros sin tu consentimiento, salvo en los siguientes casos:<\/p>\n<ul>\n<li>Cuando la transferencia sea necesaria para el cumplimiento de una obligaci\u00f3n legal.<\/li>\n<li>En cumplimiento de solicitudes de autoridades competentes.<\/li>\n<li>Para la realizaci\u00f3n de transacciones financieras a trav\u00e9s de instituciones bancarias.<\/li>\n<\/ul>\n<p><strong>Derechos ARCO (Acceso, Rectificaci\u00f3n, Cancelaci\u00f3n y Oposici\u00f3n):<\/strong><\/p>\n<p>Tienes derecho a acceder, rectificar, cancelar u oponerte al tratamiento de tus datos personales. Para ejercer estos derechos, puedes enviar una solicitud al correo electr\u00f3nico info@distribuidoradecloro.com con la siguiente informaci\u00f3n:<\/p>\n<ul>\n<li>Nombre completo y datos de contacto.<\/li>\n<li>Descripci\u00f3n clara de los derechos que deseas ejercer.<\/li>\n<li>Documentos que acrediten tu identidad o representaci\u00f3n legal.<\/li>\n<\/ul>\n<p><strong>Uso de cookies y tecnolog\u00edas de rastreo:<\/strong><\/p>\n<p>Nuestro sitio web utiliza cookies y otras tecnolog\u00edas de rastreo para mejorar tu experiencia de navegaci\u00f3n y analizar el comportamiento del usuario. Si prefieres no recibir cookies, puedes configurar tu navegador para rechazarlas o eliminarlas.<\/p>\n<p><strong>Cambios al aviso de privacidad:<\/strong><\/p>\n<p>Este aviso de privacidad puede ser modificado en cualquier momento para cumplir con actualizaciones legales, pol\u00edticas internas o nuevos requerimientos. Las modificaciones estar\u00e1n disponibles en nuestro sitio web [www.distribuidororadecloro.com].<\/p>\n<p><strong>Contacto:<\/strong><\/p>\n<p>Si tienes dudas o comentarios sobre este aviso de privacidad, no dudes en contactarnos a trav\u00e9s del correo electr\u00f3nico info@quimicosysolventes.com o llamando al 777 320 04 37<\/p>\n<p><strong>Fecha de \u00faltima actualizaci\u00f3n: 26 Diciembre 2024<\/strong><\/p>\n<p>[\/et_pb_text][\/et_pb_column][\/et_pb_row][\/et_pb_section]<\/p>\n","protected":false},"excerpt":{"rendered":"<p>Aviso de Privacidad de Distribuidora de cloro Esmah S.A de C.V. En Distribuidora de cloro Esmah S.A de C.V., estamos comprometidos con la protecci\u00f3n de los datos personales de nuestros clientes, proveedores, empleados y cualquier persona que tenga una relaci\u00f3n con nuestra empresa. Este Aviso de Privacidad explica c\u00f3mo recopilamos, utilizamos, protegemos y, en su [&hellip;]<\/p>\n","protected":false},"author":1,"featured_media":0,"parent":0,"menu_order":0,"comment_status":"closed","ping_status":"closed","template":"","meta":{"_et_pb_use_builder":"on","_et_pb_old_content":"","_et_gb_content_width":"","_joinchat":[],"footnotes":""},"class_list":["post-46","page","type-page","status-publish","hentry"],"_links":{"self":[{"href":"https:\/\/distribuidoradecloro.com\/index.php?rest_route=\/wp\/v2\/pages\/46","targetHints":{"allow":["GET"]}}],"collection":[{"href":"https:\/\/distribuidoradecloro.com\/index.php?rest_route=\/wp\/v2\/pages"}],"about":[{"href":"https:\/\/distribuidoradecloro.com\/index.php?rest_route=\/wp\/v2\/types\/page"}],"author":[{"embeddable":true,"href":"https:\/\/distribuidoradecloro.com\/index.php?rest_route=\/wp\/v2\/users\/1"}],"replies":[{"embeddable":true,"href":"https:\/\/distribuidoradecloro.com\/index.php?rest_route=%2Fwp%2Fv2%2Fcomments&post=46"}],"version-history":[{"count":4,"href":"https:\/\/distribuidoradecloro.com\/index.php?rest_route=\/wp\/v2\/pages\/46\/revisions"}],"predecessor-version":[{"id":154,"href":"https:\/\/distribuidoradecloro.com\/index.php?rest_route=\/wp\/v2\/pages\/46\/revisions\/154"}],"wp:attachment":[{"href":"https:\/\/distribuidoradecloro.com\/index.php?rest_route=%2Fwp%2Fv2%2Fmedia&parent=46"}],"curies":[{"name":"wp","href":"https:\/\/api.w.org\/{rel}","templated":true}]}}