{"id":42,"date":"2024-12-14T18:05:59","date_gmt":"2024-12-14T18:05:59","guid":{"rendered":"https:\/\/distribuidoradecloro.com\/?page_id=42"},"modified":"2025-02-18T20:00:02","modified_gmt":"2025-02-18T20:00:02","slug":"productos","status":"publish","type":"page","link":"https:\/\/distribuidoradecloro.com\/?page_id=42","title":{"rendered":"Productos"},"content":{"rendered":"<p>[et_pb_section fb_built=&#8221;1&#8243; _builder_version=&#8221;4.23.1&#8243; _module_preset=&#8221;default&#8221; background_image=&#8221;https:\/\/distribuidoradecloro.com\/wp-content\/uploads\/2024\/12\/agricultural-silos-building-exterior-scaled.jpg&#8221; custom_padding=&#8221;150px||150px||true|&#8221; global_colors_info=&#8221;{}&#8221;][et_pb_row _builder_version=&#8221;4.23.1&#8243; _module_preset=&#8221;default&#8221; background_color=&#8221;rgba(10,10,10,0.43)&#8221; border_radii=&#8221;on|30px|30px|30px|30px&#8221; global_colors_info=&#8221;{}&#8221;][et_pb_column type=&#8221;4_4&#8243; _builder_version=&#8221;4.23.1&#8243; _module_preset=&#8221;default&#8221; global_colors_info=&#8221;{}&#8221;][et_pb_text _builder_version=&#8221;4.23.1&#8243; _module_preset=&#8221;default&#8221; text_text_color=&#8221;#FFFFFF&#8221; header_font=&#8221;Ubuntu||||||||&#8221; header_2_font=&#8221;Ubuntu||||||||&#8221; header_2_text_color=&#8221;#FFFFFF&#8221; header_2_font_size=&#8221;63px&#8221; global_colors_info=&#8221;{}&#8221;]<\/p>\n<h2 style=\"text-align: center;\">Productos<\/h2>\n<p>[\/et_pb_text][\/et_pb_column][\/et_pb_row][\/et_pb_section][et_pb_section fb_built=&#8221;1&#8243; _builder_version=&#8221;4.23.1&#8243; _module_preset=&#8221;default&#8221; background_color=&#8221;gcid-77a888f0-24a6-4678-ab53-398b5844e7ce&#8221; custom_padding=&#8221;31px||31px||true|&#8221; global_colors_info=&#8221;{%22gcid-77a888f0-24a6-4678-ab53-398b5844e7ce%22:%91%22background_color%22%93}&#8221;][et_pb_row _builder_version=&#8221;4.23.1&#8243; _module_preset=&#8221;default&#8221; global_colors_info=&#8221;{}&#8221;][et_pb_column type=&#8221;4_4&#8243; _builder_version=&#8221;4.23.1&#8243; _module_preset=&#8221;default&#8221; global_colors_info=&#8221;{}&#8221;][et_pb_text _builder_version=&#8221;4.23.1&#8243; _module_preset=&#8221;default&#8221; global_colors_info=&#8221;{}&#8221;]<\/p>\n<p style=\"text-align: center;\">Contamos con una alta variedad de productos, ideales para brindarte la mejora soluci\u00f3n.<br \/>\u00a0A continuaci\u00f3n puede revisar nuestras distintas l\u00edneas de productos qu\u00edmicos que comercializamos<\/p>\n<p>[\/et_pb_text][\/et_pb_column][\/et_pb_row][et_pb_row _builder_version=&#8221;4.23.1&#8243; _module_preset=&#8221;default&#8221; global_colors_info=&#8221;{}&#8221;][et_pb_column type=&#8221;4_4&#8243; _builder_version=&#8221;4.23.1&#8243; _module_preset=&#8221;default&#8221; global_colors_info=&#8221;{}&#8221;][et_pb_tabs _builder_version=&#8221;4.23.1&#8243; _module_preset=&#8221;default&#8221; background_color=&#8221;rgba(89,89,89,0)&#8221; global_colors_info=&#8221;{}&#8221;][et_pb_tab title=&#8221;PRODUCTOS QU\u00cdMICOS&#8221; _builder_version=&#8221;4.23.1&#8243; _module_preset=&#8221;default&#8221; global_colors_info=&#8221;{}&#8221;]<\/p>\n<p><span>\u00c1CIDO AC\u00c9TICO<\/span><br \/><span>\u00c1CIDO CLORH\u00cdDRICO<\/span><br \/><span>\u00c1CIDO DODECIL BENCENO<\/span><br \/><span>\u00c1CIDO FOSF\u00d3RICO<\/span><br \/><span>\u00c1CIDO N\u00cdTRICO<\/span><br \/><span>\u00c1CIDO SULF\u00daRICO<\/span><br \/><span>CARBONATO DE SODIO<\/span><br \/><span>CHLORYNE CLORO GRANULADO<\/span><br \/><span>CLORHID\u00d3XIDO DE ALUMINIO<\/span><br \/><span>GAS CLORO EN CILINDROS DE 68 KG Y CONTENEDORES DE 907 KG<\/span><br \/><span>HIDR\u00d3XIDO DE CALCIO (CAL QU\u00cdMICA)<\/span><br \/><span>HIDR\u00d3XIDO DE SODIO EN ESCAMAS (SOSA ESCAMAS)<\/span><br \/><span>HIDR\u00d3XIDO DE SODIO L\u00cdQUIDO (SOSA EST\u00c1NDAR)<\/span><br \/><span>HIPOCLORITO DE CALCIO GRANULAR<\/span><br \/><span>HIPOCLORITO DE CALCIO CONSTAN CLOR<\/span><br \/><span>HIPOCLORITO DE CALCIO PASTILLA 1\u201d<\/span><br \/><span>HIPOCLORITO DE CALCIO TABLETA 3\u201d<\/span><br \/><span>HIPOCLORITO DE SODIO 13%<\/span><br \/><span>LAURIL \u00c9TER SULFANATO DE SODIO<\/span><br \/><span>PERMANGANATO DE POTASIO<\/span><br \/><span>PER\u00d3XIDO DE HIDR\u00d3GENO AL 55% Y 60%<\/span><br \/><span>PLATA COLOIDAL EN PRESENTACI\u00d3N DE 30 Y 60 ML<\/span><br \/><span>POLICLORURO DE ALUMINIO<\/span><br \/><span>SAL EN SUS DIFERENTES PRESENTACIONES<\/span><br \/><span>SULFATO DE ALUMINIO LIBRE DE FIERRO<\/span><br \/><span>SULFATO DE COBRE<\/span><br \/><span>TRIPOLIFOSFATO<\/span><br \/><span>POL\u00cdMEROS<\/span><\/p>\n<p>[\/et_pb_tab][et_pb_tab title=&#8221;BOMBAS DOSIFICADORAS DE L\u00cdQUIDOS&#8221; _builder_version=&#8221;4.23.1&#8243; _module_preset=&#8221;default&#8221; global_colors_info=&#8221;{}&#8221;]<\/p>\n<p><span>LMI (IMPULSOS EL\u00c9CTRICOS)<\/span><br \/><span>PULSAFEEDER<\/span><br \/><span>WALLACE &amp; TIERNAN (PREMIA 75, ENCORE 700, CHEMTUBE 200, ETC)<\/span><br \/><span>REFACCIONES PARA LOS DIFERENTE TIPOS Y MARCAS<\/span><\/p>\n<p>[\/et_pb_tab][et_pb_tab title=&#8221;EQUIPOS DOSIFICADORES DE GAS CLORO ALTA Y BAJA CAPACIDAD&#8221; _builder_version=&#8221;4.23.1&#8243; _module_preset=&#8221;default&#8221; global_colors_info=&#8221;{}&#8221;]<\/p>\n<p><span>ADVANCE, CAPITAL CONTROL<\/span><br \/><span>HIDRO INSTRUMENTS (SERIES 200 \/ 300 \/ 500)<\/span><br \/><span>REFACCIONES PARA LOS DIFERENTES EQUIPOS Y MARCAS WALLACE &amp; TIERNAN (V-10K, S-10K, V-2000)<\/span><\/p>\n<p>[\/et_pb_tab][et_pb_tab title=&#8221;EQUIPOS Y ACCESORIOS PARA INSTALACIONES DE CLORACI\u00d3N&#8221; _builder_version=&#8221;4.23.1&#8243; _module_preset=&#8221;default&#8221; global_colors_info=&#8221;{}&#8221;]<\/p>\n<p><span>ANALIZADORES DE CLORO RESIDUAL<\/span><br \/><span>COMPARADORES COLORIM\u00c9TRICOS<\/span><br \/><span>EQUIPOS DE RESPIRACI\u00d3N AUT\u00d3NOMA (SCBA)<\/span><br \/><span>KITS DE SEGURIDAD PARA CILINDROS DE GAS (EQUIPOS PARA CONTENER FUGAS DE GAS CLORO)<\/span><br \/><span>PASTILLAS DPD<\/span><\/p>\n<p>[\/et_pb_tab][et_pb_tab title=&#8221;TUBER\u00cdAS Y EQUIPO PARA AGUA&#8221; _builder_version=&#8221;4.23.1&#8243; _module_preset=&#8221;default&#8221; global_colors_info=&#8221;{}&#8221;]<\/p>\n<p><span>BOMBAS SUMERGIBLES DE POZO PROFUNDO<\/span><br \/><span>MICROMEDIDORES, MEDIDORES ELECTROMAGN\u00c9TICOS, TIPO VOLUM\u00c9TRICO, DE CHORRO, M\u00daLTIPLE, ETC.<\/span><br \/><span>PIEZAS ESPECIALES (CODOS, TEES, REDUCCIONES, ETC.) PARA TODOS LOS TIPOS DE TUBER\u00cdA Y DI\u00c1METROS.<\/span><br \/><span>TUBER\u00cdA DE FIBROCEMENTO EN DIFERENTES DI\u00c1METROS<\/span><br \/><span>TUBER\u00cdA DE FO. GO EN DIFERENTES DI\u00c1METROS<\/span><br \/><span>TUBER\u00cdA PAD LISA EN DIFERENTES DI\u00c1METROS Y RD<\/span><br \/><span>TUBER\u00cdA DE PVC EN DIFERENTES DI\u00c1METROS Y RD V\u00c1LVULAS HIDR\u00c1ULICAS (DGLOBO, COMPUERTA, DIAFRAGMA, MARIPOSA&#8230;)<\/span><\/p>\n<p>[\/et_pb_tab][et_pb_tab title=&#8221;TUBER\u00cdA Y EQUIPOS PARA ALCANTARILLADO&#8221; _builder_version=&#8221;4.23.1&#8243; _module_preset=&#8221;default&#8221; global_colors_info=&#8221;{}&#8221;]<\/p>\n<p><span>CONEXIONES<\/span><br \/><span>MEDIDORES DE FLUJO<\/span><br \/><span>V\u00c1LVULAS<\/span><br \/><span>TUBER\u00cdA DE PVC EN DIFERENTES DI\u00c1METROS<\/span><\/p>\n<p>[\/et_pb_tab][et_pb_tab title=&#8221;MATERIALES Y EQUIPOS PARA PLANTAS DE TRATAMIENTO DE AGUA RESIDUAL&#8221; _builder_version=&#8221;4.23.1&#8243; _module_preset=&#8221;default&#8221; global_colors_info=&#8221;{}&#8221;]<\/p>\n<p>Your content goes here. Edit or remove this text inline or in the module Content settings. You can also style every aspect of this content in the module Design settings and even apply custom CSS to this text in the module Advanced settings.<\/p>\n<p>[\/et_pb_tab][\/et_pb_tabs][\/et_pb_column][\/et_pb_row][\/et_pb_section][et_pb_section fb_built=&#8221;1&#8243; _builder_version=&#8221;4.23.1&#8243; _module_preset=&#8221;default&#8221; background_image=&#8221;https:\/\/distribuidoradecloro.com\/wp-content\/uploads\/2024\/12\/agricultural-silos-building-exterior-scaled.jpg&#8221; background_position=&#8221;bottom_center&#8221; custom_padding=&#8221;12px||12px||true|&#8221; global_colors_info=&#8221;{}&#8221;][et_pb_row _builder_version=&#8221;4.23.1&#8243; _module_preset=&#8221;default&#8221; global_colors_info=&#8221;{}&#8221;][et_pb_column type=&#8221;4_4&#8243; _builder_version=&#8221;4.23.1&#8243; _module_preset=&#8221;default&#8221; global_colors_info=&#8221;{}&#8221;][et_pb_text _builder_version=&#8221;4.23.1&#8243; _module_preset=&#8221;default&#8221; text_font=&#8221;|600|||||||&#8221; text_text_color=&#8221;#FFFFFF&#8221; text_font_size=&#8221;25px&#8221; header_font=&#8221;Montserrat|700|||||||&#8221; header_text_color=&#8221;#FFFFFF&#8221; header_font_size=&#8221;61px&#8221; background_color=&#8221;rgba(10,10,10,0.57)&#8221; global_colors_info=&#8221;{}&#8221;]<\/p>\n<h1>\u00bfQuieres ponerte en contacto con nosotros?<\/h1>\n<p>Comun\u00edcate para mayor informaci\u00f3n de nuestros servicios y productos a los siguientes tel\u00e9fonos:<\/p>\n<p>[\/et_pb_text][et_pb_button button_url=&#8221;@ET-DC@eyJkeW5hbWljIjp0cnVlLCJjb250ZW50IjoicG9zdF9saW5rX3VybF9wYWdlIiwic2V0dGluZ3MiOnsicG9zdF9pZCI6IjQ0In19@&#8221; button_text=&#8221;Ll\u00e1manos&#8221; button_alignment=&#8221;center&#8221; _builder_version=&#8221;4.23.1&#8243; _dynamic_attributes=&#8221;button_url&#8221; _module_preset=&#8221;default&#8221; custom_button=&#8221;on&#8221; button_text_color=&#8221;#FFFFFF&#8221; button_bg_color=&#8221;gcid-8fa33ba8-d564-457c-95a6-7aaf4e637f81&#8243; button_border_color=&#8221;RGBA(255,255,255,0)&#8221; global_colors_info=&#8221;{%22gcid-8fa33ba8-d564-457c-95a6-7aaf4e637f81%22:%91%22button_bg_color%22%93}&#8221;][\/et_pb_button][\/et_pb_column][\/et_pb_row][\/et_pb_section][et_pb_section fb_built=&#8221;1&#8243; _builder_version=&#8221;4.23.1&#8243; _module_preset=&#8221;default&#8221; global_colors_info=&#8221;{}&#8221;][et_pb_row _builder_version=&#8221;4.23.1&#8243; _module_preset=&#8221;default&#8221; global_colors_info=&#8221;{}&#8221;][et_pb_column type=&#8221;4_4&#8243; _builder_version=&#8221;4.23.1&#8243; _module_preset=&#8221;default&#8221; global_colors_info=&#8221;{}&#8221;][et_pb_text _builder_version=&#8221;4.23.1&#8243; _module_preset=&#8221;default&#8221; custom_padding=&#8221;||0px|||&#8221; global_colors_info=&#8221;{}&#8221;]<\/p>\n<h5 style=\"text-align: center;\"><span>Para\u00a0<\/span><strong>Distribuidora de cloro ESMAH<\/strong><span>\u00a0es importante la compra &#8211; venta de productos, equipos y accesorios para mantenimiento y tratamiento de aguas, as\u00ed como la producci\u00f3n y distribuci\u00f3n de productos de limpieza de la m\u00e1s alta calidad, en este apartado mostramos algunos de estos.<\/span><\/h5>\n<h5 style=\"text-align: center;\">Solicitar m\u00e1s informaci\u00f3n de productos.<\/h5>\n<p>[\/et_pb_text][\/et_pb_column][\/et_pb_row][et_pb_row _builder_version=&#8221;4.23.1&#8243; _module_preset=&#8221;default&#8221; global_colors_info=&#8221;{}&#8221;][et_pb_column type=&#8221;4_4&#8243; _builder_version=&#8221;4.23.1&#8243; _module_preset=&#8221;default&#8221; global_colors_info=&#8221;{}&#8221;][et_pb_slider use_bg_overlay=&#8221;off&#8221; arrows_custom_color=&#8221;gcid-8fa33ba8-d564-457c-95a6-7aaf4e637f81&#8243; _builder_version=&#8221;4.23.1&#8243; _module_preset=&#8221;default&#8221; custom_padding=&#8221;45px||45px||true|false&#8221; hover_enabled=&#8221;0&#8243; global_colors_info=&#8221;{%22gcid-8fa33ba8-d564-457c-95a6-7aaf4e637f81%22:%91%22arrows_custom_color%22%93}&#8221; sticky_enabled=&#8221;0&#8243;][et_pb_slide heading=&#8221;Gas cloro&#8221; button_text=&#8221;M\u00e1s Informaci\u00f3n&#8221; image=&#8221;https:\/\/distribuidoradecloro.com\/wp-content\/uploads\/2025\/02\/poST-20.jpg&#8221; use_bg_overlay=&#8221;off&#8221; use_text_overlay=&#8221;off&#8221; _builder_version=&#8221;4.23.1&#8243; _module_preset=&#8221;default&#8221; header_text_color=&#8221;#000000&#8243; body_text_color=&#8221;#000000&#8243; background_color=&#8221;#FFFFFF&#8221; background_enable_color=&#8221;on&#8221; custom_button=&#8221;on&#8221; button_text_color=&#8221;#FFFFFF&#8221; button_bg_color=&#8221;gcid-8fa33ba8-d564-457c-95a6-7aaf4e637f81&#8243; button_border_color=&#8221;RGBA(255,255,255,0)&#8221; button_border_radius=&#8221;10px&#8221; button_letter_spacing=&#8221;0px&#8221; hover_enabled=&#8221;0&#8243; border_radii_image=&#8221;on|25px|25px|25px|25px&#8221; box_shadow_style_image=&#8221;preset2&#8243; global_colors_info=&#8221;{%22gcid-8fa33ba8-d564-457c-95a6-7aaf4e637f81%22:%91%22button_bg_color%22%93}&#8221; sticky_transition=&#8221;on&#8221; title_text=&#8221;poST 20&#8243; sticky_enabled=&#8221;0&#8243;]<\/p>\n<p><strong>Descripci\u00f3n:<span>\u00a0<\/span><\/strong><span>El gas tiene un color amarillo verdoso, no es flamable, y est\u00e1 aproximadamente 2.5 veces m\u00e1s pesado que el aire.<\/span><\/p>\n<p><strong>Uso:<span>\u00a0<\/span><\/strong><span>Desinfecci\u00f3n de agua potable y residual<\/span><\/p>\n<p>[\/et_pb_slide][et_pb_slide heading=&#8221;Bombas dosificadoras&#8221; button_text=&#8221;M\u00e1s Informaci\u00f3n&#8221; image=&#8221;https:\/\/distribuidoradecloro.com\/wp-content\/uploads\/2024\/12\/novatecfs_bombas_dosificadoras.jpg&#8221; use_bg_overlay=&#8221;off&#8221; use_text_overlay=&#8221;off&#8221; _builder_version=&#8221;4.23.1&#8243; _module_preset=&#8221;default&#8221; header_text_color=&#8221;#000000&#8243; body_text_color=&#8221;#000000&#8243; background_color=&#8221;RGBA(255,255,255,0)&#8221; background_enable_color=&#8221;on&#8221; custom_button=&#8221;on&#8221; button_bg_color=&#8221;gcid-8fa33ba8-d564-457c-95a6-7aaf4e637f81&#8243; button_border_width=&#8221;0px&#8221; button_border_color=&#8221;RGBA(255,255,255,0)&#8221; button_border_radius=&#8221;10px&#8221; hover_enabled=&#8221;0&#8243; border_radii_image=&#8221;on|25px|25px|25px|25px&#8221; box_shadow_style_image=&#8221;preset2&#8243; global_colors_info=&#8221;{%22gcid-8fa33ba8-d564-457c-95a6-7aaf4e637f81%22:%91%22button_bg_color%22%93}&#8221; sticky_transition=&#8221;on&#8221; sticky_enabled=&#8221;0&#8243;]<\/p>\n<p><span>Las bombas dosificadoras se pueden usar en todos los casos en los que haya que dosificar l\u00edquidos, esto es, para agregar con la mayor precisi\u00f3n posible un volumen de fluido definido en un tiempo tambi\u00e9n determinado.<\/span><\/p>\n<p>[\/et_pb_slide][et_pb_slide heading=&#8221;Tricloro&#8221; button_text=&#8221;M\u00e1s Informaci\u00f3n&#8221; image=&#8221;https:\/\/distribuidoradecloro.com\/wp-content\/uploads\/2024\/12\/PRODUCTOS-5.jpg&#8221; use_bg_overlay=&#8221;off&#8221; use_text_overlay=&#8221;off&#8221; _builder_version=&#8221;4.23.1&#8243; _module_preset=&#8221;default&#8221; header_text_color=&#8221;#000000&#8243; body_text_color=&#8221;#000000&#8243; background_color=&#8221;RGBA(255,255,255,0)&#8221; background_enable_color=&#8221;on&#8221; custom_button=&#8221;on&#8221; button_bg_color=&#8221;gcid-8fa33ba8-d564-457c-95a6-7aaf4e637f81&#8243; button_border_color=&#8221;RGBA(255,255,255,0)&#8221; button_border_radius=&#8221;10px&#8221; border_radii_image=&#8221;on|25px|25px|25px|25px&#8221; box_shadow_style_image=&#8221;preset2&#8243; global_colors_info=&#8221;{%22gcid-8fa33ba8-d564-457c-95a6-7aaf4e637f81%22:%91%22button_bg_color%22%93}&#8221; sticky_transition=&#8221;on&#8221;]<\/p>\n<p><strong>Color:<\/strong><span>\u00a0Blanco<\/span><br \/><strong>Apariencia:<\/strong><span>\u00a0Polvo, grano, tableta 3&#8243; y 1&#8243;<\/span><br \/><strong>pH:<\/strong><span>\u00a02.7-3.3<\/span><br \/><strong>Densidad:<\/strong><span>\u00a01.00-1.06 grs\/cc<\/span><\/p>\n<p>[\/et_pb_slide][et_pb_slide heading=&#8221;Hipoclorito de sodio&#8221; button_text=&#8221;M\u00e1s Informaci\u00f3n&#8221; image=&#8221;https:\/\/distribuidoradecloro.com\/wp-content\/uploads\/2024\/12\/00.jpg&#8221; use_bg_overlay=&#8221;off&#8221; use_text_overlay=&#8221;off&#8221; _builder_version=&#8221;4.23.1&#8243; _module_preset=&#8221;default&#8221; header_text_color=&#8221;#000000&#8243; body_text_color=&#8221;#000000&#8243; background_color=&#8221;RGBA(255,255,255,0)&#8221; background_enable_color=&#8221;on&#8221; custom_button=&#8221;on&#8221; button_bg_color=&#8221;gcid-8fa33ba8-d564-457c-95a6-7aaf4e637f81&#8243; button_border_width=&#8221;0px&#8221; button_border_color=&#8221;RGBA(255,255,255,0)&#8221; button_border_radius=&#8221;10px&#8221; border_radii_image=&#8221;on|25px|25px|25px|25px&#8221; box_shadow_style_image=&#8221;preset2&#8243; global_colors_info=&#8221;{%22gcid-8fa33ba8-d564-457c-95a6-7aaf4e637f81%22:%91%22button_bg_color%22%93}&#8221; sticky_transition=&#8221;on&#8221;]<\/p>\n<p>Especificaciones:<br \/><strong>Cloro:<\/strong><span>\u00a0<\/span>140-145 gpl<br \/><strong>NaOH:<\/strong><span>\u00a0<\/span>12.0 gpl m\u00e1x<br \/><strong>Fe:<\/strong><span>\u00a0<\/span>3.0 ppm m\u00e1x<br \/><strong>NaCl:<\/strong><span>\u00a0<\/span>140 gpl m\u00e1x<\/p>\n<p>Hipoclorito de sodio (NaOCl) es un compuesto que puede ser utilizado para desinfecci\u00f3n del agua.<\/p>\n<p>[\/et_pb_slide][et_pb_slide heading=&#8221;Hipoclorito de calcio&#8221; button_text=&#8221;M\u00e1s Informaci\u00f3n&#8221; image=&#8221;https:\/\/distribuidoradecloro.com\/wp-content\/uploads\/2024\/12\/CUNETE-DE-PLASTICO-50-KG.jpg&#8221; use_bg_overlay=&#8221;off&#8221; use_text_overlay=&#8221;off&#8221; _builder_version=&#8221;4.23.1&#8243; _module_preset=&#8221;default&#8221; header_text_color=&#8221;#000000&#8243; body_text_color=&#8221;#000000&#8243; background_color=&#8221;RGBA(255,255,255,0)&#8221; background_enable_color=&#8221;on&#8221; custom_button=&#8221;on&#8221; button_bg_color=&#8221;gcid-8fa33ba8-d564-457c-95a6-7aaf4e637f81&#8243; button_border_color=&#8221;RGBA(255,255,255,0)&#8221; button_border_radius=&#8221;10px&#8221; border_radii_image=&#8221;on|25px|25px|25px|25px&#8221; box_shadow_style_image=&#8221;preset2&#8243; global_colors_info=&#8221;{%22gcid-8fa33ba8-d564-457c-95a6-7aaf4e637f81%22:%91%22button_bg_color%22%93}&#8221; sticky_transition=&#8221;on&#8221;]<\/p>\n<h4><span style=\"color: #000000;\"><strong>Cloro:<\/strong>\u00a065-80%<\/span><br \/><span style=\"color: #000000;\"><strong>NaCl:<\/strong>\u00a010-20%<\/span><br \/><span style=\"color: #000000;\"><strong>Ca(ClO3)2:<\/strong>\u00a00-5%<\/span><br \/><span style=\"color: #000000;\"><strong>CaCl2<\/strong>\u00a00-5%<\/span><\/h4>\n<p>HTH Granular tambores de 45 Kg.<\/p>\n<p>[\/et_pb_slide][et_pb_slide heading=&#8221;Sulfato de aluminio&#8221; button_text=&#8221;Infiormaci\u00f3n&#8221; image=&#8221;https:\/\/distribuidoradecloro.com\/wp-content\/uploads\/2024\/12\/00-Empaques.png&#8221; use_bg_overlay=&#8221;off&#8221; use_text_overlay=&#8221;off&#8221; _builder_version=&#8221;4.23.1&#8243; _module_preset=&#8221;default&#8221; header_text_color=&#8221;#000000&#8243; body_text_color=&#8221;#000000&#8243; background_color=&#8221;RGBA(255,255,255,0)&#8221; background_enable_color=&#8221;on&#8221; custom_button=&#8221;on&#8221; button_bg_color=&#8221;gcid-8fa33ba8-d564-457c-95a6-7aaf4e637f81&#8243; button_border_color=&#8221;RGBA(255,255,255,0)&#8221; button_border_radius=&#8221;10px&#8221; border_radii_image=&#8221;on|25px|25px|25px|25px&#8221; box_shadow_style_image=&#8221;preset2&#8243; global_colors_info=&#8221;{%22gcid-8fa33ba8-d564-457c-95a6-7aaf4e637f81%22:%91%22button_bg_color%22%93}&#8221; sticky_transition=&#8221;on&#8221;]<\/p>\n<p><strong>Edo. f\u00edsico:<\/strong>S\u00f3lido granulado<br \/><strong>pH:<\/strong>3-4 en soluci\u00f3n al 1%<br \/><strong>\u00b0C descomposici\u00f3n:<\/strong><span>\u00a0<\/span>760\u00b0C<br \/><strong>Densidad:<\/strong>No detectable<\/p>\n<p>L\u00edquido sin olor, transparente, no vol\u00e1til. \u00a1EXTREMADAMENTE CORROSIVO! Causa severas quemaduras al contacto.<\/p>\n<p>[\/et_pb_slide][\/et_pb_slider][\/et_pb_column][\/et_pb_row][\/et_pb_section][et_pb_section fb_built=&#8221;1&#8243; prev_background_color=&#8221;#ffffff&#8221; _builder_version=&#8221;4.23.1&#8243; _module_preset=&#8221;default&#8221; background_color=&#8221;gcid-77a888f0-24a6-4678-ab53-398b5844e7ce&#8221; top_divider_style=&#8221;mountains2&#8243; top_divider_flip=&#8221;vertical|horizontal&#8221; global_colors_info=&#8221;{%22gcid-77a888f0-24a6-4678-ab53-398b5844e7ce%22:%91%22background_color%22%93}&#8221;][et_pb_row column_structure=&#8221;1_2,1_2&#8243; _builder_version=&#8221;4.23.1&#8243; _module_preset=&#8221;default&#8221; global_colors_info=&#8221;{}&#8221;][et_pb_column type=&#8221;1_2&#8243; _builder_version=&#8221;4.23.1&#8243; _module_preset=&#8221;default&#8221; global_colors_info=&#8221;{}&#8221;][et_pb_image src=&#8221;https:\/\/distribuidoradecloro.com\/wp-content\/uploads\/2024\/12\/cATALOGO.png&#8221; title_text=&#8221;cATALOGO&#8221; _builder_version=&#8221;4.23.1&#8243; _module_preset=&#8221;default&#8221; global_colors_info=&#8221;{}&#8221;][\/et_pb_image][\/et_pb_column][et_pb_column type=&#8221;1_2&#8243; _builder_version=&#8221;4.23.1&#8243; _module_preset=&#8221;default&#8221; global_colors_info=&#8221;{}&#8221;][et_pb_text _builder_version=&#8221;4.23.1&#8243; _module_preset=&#8221;default&#8221; header_font=&#8221;Ubuntu||||||||&#8221; global_colors_info=&#8221;{}&#8221;]<\/p>\n<h1>Cat\u00e1logo<\/h1>\n<p>[\/et_pb_text][et_pb_text _builder_version=&#8221;4.23.1&#8243; _module_preset=&#8221;default&#8221; global_colors_info=&#8221;{}&#8221;]<\/p>\n<p>Conoce las marcas y algunos de los productos que manejamos dando clic en el boton de cat\u00e1logo.<\/p>\n<p>[\/et_pb_text][et_pb_button button_url=&#8221;https:\/\/distribuidoradecloro.com\/wp-content\/uploads\/2025\/01\/02-Catalogo-Grupo-esmah.pdf&#8221; button_text=&#8221;Cat\u00e1logo&#8221; button_alignment=&#8221;right&#8221; _builder_version=&#8221;4.23.1&#8243; _module_preset=&#8221;default&#8221; custom_button=&#8221;on&#8221; button_text_color=&#8221;#FFFFFF&#8221; button_bg_color=&#8221;gcid-8fa33ba8-d564-457c-95a6-7aaf4e637f81&#8243; button_border_color=&#8221;RGBA(255,255,255,0)&#8221; global_colors_info=&#8221;{%22gcid-8fa33ba8-d564-457c-95a6-7aaf4e637f81%22:%91%22button_bg_color%22%93}&#8221;][\/et_pb_button][\/et_pb_column][\/et_pb_row][\/et_pb_section]<\/p>\n","protected":false},"excerpt":{"rendered":"<p>ProductosContamos con una alta variedad de productos, ideales para brindarte la mejora soluci\u00f3n.\u00a0A continuaci\u00f3n puede revisar nuestras distintas l\u00edneas de productos qu\u00edmicos que comercializamos\u00c1CIDO AC\u00c9TICO\u00c1CIDO CLORH\u00cdDRICO\u00c1CIDO DODECIL BENCENO\u00c1CIDO FOSF\u00d3RICO\u00c1CIDO N\u00cdTRICO\u00c1CIDO SULF\u00daRICOCARBONATO DE SODIOCHLORYNE CLORO GRANULADOCLORHID\u00d3XIDO DE ALUMINIOGAS CLORO EN CILINDROS DE 68 KG Y CONTENEDORES DE 907 KGHIDR\u00d3XIDO DE CALCIO (CAL QU\u00cdMICA)HIDR\u00d3XIDO DE SODIO EN [&hellip;]<\/p>\n","protected":false},"author":1,"featured_media":0,"parent":0,"menu_order":0,"comment_status":"closed","ping_status":"closed","template":"","meta":{"_et_pb_use_builder":"on","_et_pb_old_content":"<!-- wp:divi\/placeholder \/-->","_et_gb_content_width":"","_joinchat":[],"footnotes":""},"class_list":["post-42","page","type-page","status-publish","hentry"],"_links":{"self":[{"href":"https:\/\/distribuidoradecloro.com\/index.php?rest_route=\/wp\/v2\/pages\/42","targetHints":{"allow":["GET"]}}],"collection":[{"href":"https:\/\/distribuidoradecloro.com\/index.php?rest_route=\/wp\/v2\/pages"}],"about":[{"href":"https:\/\/distribuidoradecloro.com\/index.php?rest_route=\/wp\/v2\/types\/page"}],"author":[{"embeddable":true,"href":"https:\/\/distribuidoradecloro.com\/index.php?rest_route=\/wp\/v2\/users\/1"}],"replies":[{"embeddable":true,"href":"https:\/\/distribuidoradecloro.com\/index.php?rest_route=%2Fwp%2Fv2%2Fcomments&post=42"}],"version-history":[{"count":11,"href":"https:\/\/distribuidoradecloro.com\/index.php?rest_route=\/wp\/v2\/pages\/42\/revisions"}],"predecessor-version":[{"id":210,"href":"https:\/\/distribuidoradecloro.com\/index.php?rest_route=\/wp\/v2\/pages\/42\/revisions\/210"}],"wp:attachment":[{"href":"https:\/\/distribuidoradecloro.com\/index.php?rest_route=%2Fwp%2Fv2%2Fmedia&parent=42"}],"curies":[{"name":"wp","href":"https:\/\/api.w.org\/{rel}","templated":true}]}}